{"id":15,"date":"2016-09-01T12:44:00","date_gmt":"2016-09-01T12:44:00","guid":{"rendered":"http:\/\/www.simply-german.com\/?page_id=15"},"modified":"2017-05-15T15:52:10","modified_gmt":"2017-05-15T15:52:10","slug":"despre-noi","status":"publish","type":"page","link":"https:\/\/www.simply-german.com\/en\/despre-noi\/","title":{"rendered":"Despre noi"},"content":{"rendered":"<p>Suntem o echip\u0103 cu o experien\u0163\u0103 vast\u0103 \u00een ceea ce prive\u015fte predarea limbii germane, dar \u015fi a traducerilor din \u015fi \u00een aceast\u0103 limb\u0103.<\/p>\n<p>Sediul nostru este amplasat \u00eentr-o cl\u0103dire nou construit\u0103, chiar \u00een inima Bucure\u015ftiului. S\u0103lile de curs sunt amenajate \u00een a\u015fa fel \u00eenc\u00e2t \u00eenv\u0103\u0163area s\u0103 poat\u0103 decurge \u00een cele mai bune condi\u0163ii posibile. Toate \u00eenc\u0103perile sunt luminoase, bine aerisite \u015fi echipate cu tot ce este necesar ca dumneavostr\u0103 s\u0103 v\u0103 sim\u0163i\u0163i confortabil.<\/p>\n","protected":false},"excerpt":{"rendered":"<p>Suntem o echip\u0103 cu o experien\u0163\u0103 vast\u0103 \u00een ceea ce prive\u015fte predarea limbii germane, dar \u015fi a traducerilor din \u015fi \u00een aceast\u0103 limb\u0103. Sediul nostru este amplasat \u00eentr-o cl\u0103dire nou construit\u0103, chiar \u00een inima Bucure\u015ftiului. S\u0103lile de curs sunt amenajate \u00een a\u015fa fel \u00eenc\u00e2t \u00eenv\u0103\u0163area s\u0103 poat\u0103 decurge \u00een cele mai bune condi\u0163ii posibile. Toate &#8230; <a title=\"Despre noi\" class=\"read-more\" href=\"https:\/\/www.simply-german.com\/en\/despre-noi\/\" aria-label=\"Read more about Despre noi\">Read more<\/a><\/p>\n","protected":false},"author":1,"featured_media":0,"parent":0,"menu_order":0,"comment_status":"closed","ping_status":"closed","template":"","meta":{"generate_page_header":"","footnotes":""},"class_list":["post-15","page","type-page","status-publish"],"translation":{"provider":"WPGlobus","version":"3.0.2","language":"en","enabled_languages":["ro","en","de"],"languages":{"ro":{"title":true,"content":true,"excerpt":false},"en":{"title":false,"content":false,"excerpt":false},"de":{"title":false,"content":false,"excerpt":false}}},"_links":{"self":[{"href":"https:\/\/www.simply-german.com\/en\/wp-json\/wp\/v2\/pages\/15","targetHints":{"allow":["GET"]}}],"collection":[{"href":"https:\/\/www.simply-german.com\/en\/wp-json\/wp\/v2\/pages"}],"about":[{"href":"https:\/\/www.simply-german.com\/en\/wp-json\/wp\/v2\/types\/page"}],"author":[{"embeddable":true,"href":"https:\/\/www.simply-german.com\/en\/wp-json\/wp\/v2\/users\/1"}],"replies":[{"embeddable":true,"href":"https:\/\/www.simply-german.com\/en\/wp-json\/wp\/v2\/comments?post=15"}],"version-history":[{"count":6,"href":"https:\/\/www.simply-german.com\/en\/wp-json\/wp\/v2\/pages\/15\/revisions"}],"predecessor-version":[{"id":155,"href":"https:\/\/www.simply-german.com\/en\/wp-json\/wp\/v2\/pages\/15\/revisions\/155"}],"wp:attachment":[{"href":"https:\/\/www.simply-german.com\/en\/wp-json\/wp\/v2\/media?parent=15"}],"curies":[{"name":"wp","href":"https:\/\/api.w.org\/{rel}","templated":true}]}}