{"id":163,"date":"2017-05-15T16:03:26","date_gmt":"2017-05-15T16:03:26","guid":{"rendered":"http:\/\/www.simply-german.com\/?page_id=163"},"modified":"2017-05-15T16:09:15","modified_gmt":"2017-05-15T16:09:15","slug":"niveluri-de-pregatire","status":"publish","type":"page","link":"https:\/\/www.simply-german.com\/de\/niveluri-de-pregatire\/","title":{"rendered":"Niveluri de preg\u0103tire"},"content":{"rendered":"<p><img loading=\"lazy\" decoding=\"async\" class=\"wp-image-164 size-full aligncenter\" src=\"http:\/\/www.simply-german.com\/wp-content\/uploads\/2017\/05\/language-levels.gif\" alt=\"\" width=\"918\" height=\"389\" \/><\/p>\n<h2><\/h2>\n<h2>A1<\/h2>\n<p>Cursantul poate \u00een\u021belege \u0219i utiliza at\u00e2t oral, c\u00e2t \u0219i \u00een scris expresii \u0219i cuvinte uzuale, poate formula propozi\u021bii simple referitoare la propria persoan\u0103, la familia sa \u0219i la \u00eent\u00e2mpl\u0103ri obi\u0219nuite din cotidian.<\/p>\n<h2>A2<\/h2>\n<p>Cursantul poate \u00een\u021belege \u0219i utiliza at\u00e2t oral, c\u00e2t \u0219i \u00een scris expresii \u0219i cuvinte relevante vie\u021bii de familie \u0219i profesionale. Poate \u00een\u021belege informa\u021bii de concrete (de exemplu reclame, prospecte, meniuri, orare, indica\u021bii de trafic), poate participa la discu\u021bii foarte scurte pe teme familiare.<\/p>\n<h2>B1<\/h2>\n<p>Cursantul poate \u00een\u021belege ideile de baz\u0103 ale unei conversa\u021bii pe teme familiare cu privire la activitatea profesional\u0103\/\u0219coal\u0103 \u0219i la petrecerea timpului liber. Poate \u00een\u021belege multe emisiuni radio sau TV pe teme de actualitate, dac\u0103 sunt prezentate destul de clar \u0219i lent. Poate face fa\u021b\u0103 situa\u021biilor \u00eent\u00e2lnite \u00eentr-o \u021bar\u0103 vorbitoare de limb\u0103 german\u0103. Poate scrie un text simplu, coerent, descriind experien\u021be \u0219i impresii.<\/p>\n<h2>B2<\/h2>\n<p>Cursantul poate \u00een\u021belege discursuri destul de lungi \u0219i complexe, poate comunica spontan \u0219i fluent, fapt care permite participarea normal\u0103 la o conversa\u021bie cu interlocutori nativi. Poate citi articole \u0219i rapoarte pe teme contemporane, \u00een care autorii adopt\u0103 anumite atitudini \u0219i puncte de vedere. Poate scrie texte detaliate \u00eentr-o gam\u0103 vast\u0103 de subiecte. Poate scrie un eseu sau un raport, \u00een care s\u0103 prezinte informa\u021bii \u0219i puncte de vedere argumentate.<\/p>\n<h2>C1<\/h2>\n<p>Utilizatorul experimentat poate \u00een\u021belege un discurs lung, chiar dac\u0103 nu este clar structurat. Poate \u00een\u021belege texte faptice \u0219i literare lungi \u0219i complexe. Se poate exprima fluent \u0219i spontan, utiliz\u00e2nd limba \u00een mod flexibil \u0219i eficient \u00een rela\u021bii sociale \u0219i \u00een scopuri profesionale. Poate trata \u00een scris subiecte complexe, poate compune eseuri sau rapoarte, implement\u00e2nd un stil adecvat destinatarului.<\/p>\n<h2><\/h2>\n<p>Utilizatorul certificat cu nivelul C2 nu are nicio dificultate \u00een a \u00een\u021belege limba vorbit\u0103 de nativi. El poate citi cu u\u0219urin\u021b\u0103 orice tip de text; poate participa f\u0103r\u0103 efort la orice conversa\u021bie, fiind familiarizat cu expresiile idiomatice \u0219i colocviale. \u00cen acela\u0219i timp, el se poate exprima \u00een scris, redact\u00e2nd inclusiv recenzii, lucr\u0103ri de specialitate sau opere literare.<\/p>\n","protected":false},"excerpt":{"rendered":"<p>A1 Cursantul poate \u00een\u021belege \u0219i utiliza at\u00e2t oral, c\u00e2t \u0219i \u00een scris expresii \u0219i cuvinte uzuale, poate formula propozi\u021bii simple referitoare la propria persoan\u0103, la familia sa \u0219i la \u00eent\u00e2mpl\u0103ri obi\u0219nuite din cotidian. A2 Cursantul poate \u00een\u021belege \u0219i utiliza at\u00e2t oral, c\u00e2t \u0219i \u00een scris expresii \u0219i cuvinte relevante vie\u021bii de familie \u0219i profesionale. Poate &#8230; <a title=\"Niveluri de preg\u0103tire\" class=\"read-more\" href=\"https:\/\/www.simply-german.com\/de\/niveluri-de-pregatire\/\" aria-label=\"Read more about Niveluri de preg\u0103tire\">Read more<\/a><\/p>\n","protected":false},"author":1,"featured_media":0,"parent":0,"menu_order":0,"comment_status":"closed","ping_status":"closed","template":"","meta":{"generate_page_header":"","footnotes":""},"class_list":["post-163","page","type-page","status-publish"],"translation":{"provider":"WPGlobus","version":"3.0.2","language":"de","enabled_languages":["ro","en","de"],"languages":{"ro":{"title":true,"content":true,"excerpt":false},"en":{"title":true,"content":true,"excerpt":false},"de":{"title":false,"content":false,"excerpt":false}}},"_links":{"self":[{"href":"https:\/\/www.simply-german.com\/de\/wp-json\/wp\/v2\/pages\/163","targetHints":{"allow":["GET"]}}],"collection":[{"href":"https:\/\/www.simply-german.com\/de\/wp-json\/wp\/v2\/pages"}],"about":[{"href":"https:\/\/www.simply-german.com\/de\/wp-json\/wp\/v2\/types\/page"}],"author":[{"embeddable":true,"href":"https:\/\/www.simply-german.com\/de\/wp-json\/wp\/v2\/users\/1"}],"replies":[{"embeddable":true,"href":"https:\/\/www.simply-german.com\/de\/wp-json\/wp\/v2\/comments?post=163"}],"version-history":[{"count":9,"href":"https:\/\/www.simply-german.com\/de\/wp-json\/wp\/v2\/pages\/163\/revisions"}],"predecessor-version":[{"id":174,"href":"https:\/\/www.simply-german.com\/de\/wp-json\/wp\/v2\/pages\/163\/revisions\/174"}],"wp:attachment":[{"href":"https:\/\/www.simply-german.com\/de\/wp-json\/wp\/v2\/media?parent=163"}],"curies":[{"name":"wp","href":"https:\/\/api.w.org\/{rel}","templated":true}]}}