{"id":13,"date":"2016-09-01T12:42:51","date_gmt":"2016-09-01T12:42:51","guid":{"rendered":"http:\/\/www.simply-german.com\/?page_id=13"},"modified":"2017-05-15T15:58:06","modified_gmt":"2017-05-15T15:58:06","slug":"cursuri-de-limba-germana","status":"publish","type":"page","link":"https:\/\/www.simply-german.com\/de\/cursuri-de-limba-germana\/","title":{"rendered":"Cursuri de limb\u0103 german\u0103"},"content":{"rendered":"<p><strong><em>Germana? Un curcubeu lingvistic!<\/em><\/strong><\/p>\n<p>Complex\u0103 \u0219i totu\u0219i at\u00e2t de u\u0219or de st\u0103p\u00e2nit, \u00eembin\u00e2nd metode consacrate, moderne \u0219i inovative, limba german\u0103 poate fi \u00eenv\u0103\u021bat\u0103 oric\u00e2nd \u015fi de oriunde. Profesorii no\u015ftri v\u0103 vor \u00eendruma pa\u015fii at\u00e2t prin cursuri individuale sau de grup la sediu, c\u00e2t \u015fi online prin intermediul platformei Skype.<\/p>\n<h2><strong>Germana ca limb\u0103 str\u0103in\u0103 pentru liceeni, studen\u021bi \u0219i adul\u021bi<\/strong><\/h2>\n<p><img loading=\"lazy\" decoding=\"async\" class=\"alignleft size-medium wp-image-60\" src=\"http:\/\/www.simply-german.com\/wp-content\/uploads\/2016\/09\/ad1-300x200.jpg\" alt=\"ad1\" width=\"300\" height=\"200\" srcset=\"https:\/\/www.simply-german.com\/wp-content\/uploads\/2016\/09\/ad1-300x200.jpg 300w, https:\/\/www.simply-german.com\/wp-content\/uploads\/2016\/09\/ad1-768x512.jpg 768w, https:\/\/www.simply-german.com\/wp-content\/uploads\/2016\/09\/ad1-1024x683.jpg 1024w\" sizes=\"auto, (max-width: 300px) 100vw, 300px\" \/><\/p>\n<p style=\"line-height: 18.0pt; margin: 6.0pt 0in .0001pt 0in;\">Pentru scoal\u0103, pentru ocuparea unui post \u00een str\u0103in\u0103tate sau ca hobby \u2013 germana poate fi \u00eenv\u0103\u021bat\u0103 la orice v\u00e2rst\u0103. V\u0103 oferim cursuri individuale sau de grup, sus\u021binute de profesioni\u0219ti, cu materiale didactice adaptate \u0219i personalizate.<\/p>\n<p style=\"margin: 0in; margin-bottom: .0001pt; line-height: 18.0pt; font-variant-ligatures: normal; font-variant-caps: normal; orphans: 2; text-align: start; widows: 2; -webkit-text-stroke-width: 0px; word-spacing: 0px;\">\u2022 metode moderne, adaptate v\u00e2rstei cursantului<\/p>\n<p style=\"margin: 0in; margin-bottom: .0001pt; line-height: 18.0pt; font-variant-ligatures: normal; font-variant-caps: normal; orphans: 2; text-align: start; widows: 2; -webkit-text-stroke-width: 0px; word-spacing: 0px;\">\u2022 grupe de 6-10 cursan\u021bi<\/p>\n<p style=\"margin: 0in; margin-bottom: .0001pt; line-height: 18.0pt; font-variant-ligatures: normal; font-variant-caps: normal; orphans: 2; text-align: start; widows: 2; -webkit-text-stroke-width: 0px; word-spacing: 0px;\">\u2022 preg\u0103tire individual\u0103<\/p>\n<p style=\"margin: 0in; margin-bottom: .0001pt; line-height: 18.0pt; font-variant-ligatures: normal; font-variant-caps: normal; orphans: 2; text-align: start; widows: 2; -webkit-text-stroke-width: 0px; word-spacing: 0px;\">\u2022 preg\u0103tire pentru examenele de nivel lingvistic<\/p>\n<h2><\/h2>\n<h2><strong>Germana ca limb\u0103 str\u0103in\u0103 pentru copii<\/strong><\/h2>\n<p><img loading=\"lazy\" decoding=\"async\" class=\"alignleft size-medium wp-image-58\" src=\"http:\/\/www.simply-german.com\/wp-content\/uploads\/2016\/09\/copii-300x200.jpg\" alt=\"copii\" width=\"300\" height=\"200\" srcset=\"https:\/\/www.simply-german.com\/wp-content\/uploads\/2016\/09\/copii-300x200.jpg 300w, https:\/\/www.simply-german.com\/wp-content\/uploads\/2016\/09\/copii-768x512.jpg 768w, https:\/\/www.simply-german.com\/wp-content\/uploads\/2016\/09\/copii-1024x683.jpg 1024w\" sizes=\"auto, (max-width: 300px) 100vw, 300px\" \/><\/p>\n<p>Copilul dumneavoastr\u0103 poate \u00eenv\u0103\u021ba limba german\u0103 mai repede \u0219i mai u\u0219or dec\u00e2t crede\u021bi! Basme, aventuri \u0219i eroii prefera\u021bi: ingredientele de baza \u00een \u00eenv\u0103\u021barea limbii germane.<br \/>\n\u2022 material didactic de nivel interna\u021bional, metode moderne, cadre didactice dedicate<br \/>\n\u2022 timp \u0219i aten\u021bie acordat\u0103 fiec\u0103rui elev \u00een parte<br \/>\n\u2022 rigurozitate \u0219i elemente de cultur\u0103 german\u0103<\/p>\n<h2><strong>Medita\u021bii \u0219coal\u0103 primar\u0103<\/strong><\/h2>\n<p>Copilul dumneavoastr\u0103 este \u00eenscris la o \u0219coal\u0103 cu predare \u00een limba german\u0103 \u0219i dori\u021bi sus\u021binere \u00een etapele de perfec\u021bionare \u0219i \u00eenv\u0103\u021bare? Un cadru didactic calificat \u0219i dedicat este ajutorul pe care noi vi-l oferim. Elevii no\u0219tri sunt \u00eendruma\u021bi \u0219i verifica\u021bi s\u0103 \u00ee\u0219i fac\u0103 temele, s\u0103 descifreze tainele literelor \u0219i cifrelor \u2013 totul \u00een limba german\u0103.<\/p>\n<h2><strong>Cursuri individuale sau mini-grup pe Skype<\/strong><\/h2>\n<p><img loading=\"lazy\" decoding=\"async\" class=\"alignleft size-medium wp-image-96\" src=\"http:\/\/www.simply-german.com\/wp-content\/uploads\/2016\/09\/sk-300x200.jpg\" alt=\"sk\" width=\"300\" height=\"200\" srcset=\"https:\/\/www.simply-german.com\/wp-content\/uploads\/2016\/09\/sk-300x200.jpg 300w, https:\/\/www.simply-german.com\/wp-content\/uploads\/2016\/09\/sk-768x513.jpg 768w, https:\/\/www.simply-german.com\/wp-content\/uploads\/2016\/09\/sk-1024x684.jpg 1024w\" sizes=\"auto, (max-width: 300px) 100vw, 300px\" \/>\u00cen secolul XXI, distan\u021ba fizic\u0103 nu mai reprezint\u0103 un impediment. Datorit\u0103 tehnologiei, profesorul \u0219i cursantul vor\u00a0fi la fel de apropia\u021bi, chiar dac\u0103 vor sta \u00een spatele monitoarelor.<\/p>\n<p><em><strong>Pentru toate tipurile\u00a0de curs, date de \u00eencepere \u0219i oferte\u00a0personalizate pentru companii,\u00a0v\u0103 rug\u0103m s\u0103 ne contacta\u021bi.<\/strong><\/em><\/p>\n","protected":false},"excerpt":{"rendered":"<p>Germana? Un curcubeu lingvistic! Complex\u0103 \u0219i totu\u0219i at\u00e2t de u\u0219or de st\u0103p\u00e2nit, \u00eembin\u00e2nd metode consacrate, moderne \u0219i inovative, limba german\u0103 poate fi \u00eenv\u0103\u021bat\u0103 oric\u00e2nd \u015fi de oriunde. Profesorii no\u015ftri v\u0103 vor \u00eendruma pa\u015fii at\u00e2t prin cursuri individuale sau de grup la sediu, c\u00e2t \u015fi online prin intermediul platformei Skype. Germana ca limb\u0103 str\u0103in\u0103 pentru liceeni, &#8230; <a title=\"Cursuri de limb\u0103 german\u0103\" class=\"read-more\" href=\"https:\/\/www.simply-german.com\/de\/cursuri-de-limba-germana\/\" aria-label=\"Read more about Cursuri de limb\u0103 german\u0103\">Read more<\/a><\/p>\n","protected":false},"author":1,"featured_media":0,"parent":0,"menu_order":0,"comment_status":"closed","ping_status":"closed","template":"","meta":{"generate_page_header":"","footnotes":""},"class_list":["post-13","page","type-page","status-publish"],"translation":{"provider":"WPGlobus","version":"3.0.2","language":"de","enabled_languages":["ro","en","de"],"languages":{"ro":{"title":true,"content":true,"excerpt":false},"en":{"title":true,"content":true,"excerpt":false},"de":{"title":false,"content":false,"excerpt":false}}},"_links":{"self":[{"href":"https:\/\/www.simply-german.com\/de\/wp-json\/wp\/v2\/pages\/13","targetHints":{"allow":["GET"]}}],"collection":[{"href":"https:\/\/www.simply-german.com\/de\/wp-json\/wp\/v2\/pages"}],"about":[{"href":"https:\/\/www.simply-german.com\/de\/wp-json\/wp\/v2\/types\/page"}],"author":[{"embeddable":true,"href":"https:\/\/www.simply-german.com\/de\/wp-json\/wp\/v2\/users\/1"}],"replies":[{"embeddable":true,"href":"https:\/\/www.simply-german.com\/de\/wp-json\/wp\/v2\/comments?post=13"}],"version-history":[{"count":41,"href":"https:\/\/www.simply-german.com\/de\/wp-json\/wp\/v2\/pages\/13\/revisions"}],"predecessor-version":[{"id":162,"href":"https:\/\/www.simply-german.com\/de\/wp-json\/wp\/v2\/pages\/13\/revisions\/162"}],"wp:attachment":[{"href":"https:\/\/www.simply-german.com\/de\/wp-json\/wp\/v2\/media?parent=13"}],"curies":[{"name":"wp","href":"https:\/\/api.w.org\/{rel}","templated":true}]}}